{"id":486,"date":"2025-05-08T14:59:29","date_gmt":"2025-05-08T12:59:29","guid":{"rendered":"https:\/\/technical-service-gratkorn.at\/?page_id=486"},"modified":"2025-05-16T10:48:36","modified_gmt":"2025-05-16T08:48:36","slug":"impressum","status":"publish","type":"page","link":"https:\/\/technical-service-gratkorn.at\/de\/impressum\/","title":{"rendered":"Impressum"},"content":{"rendered":"\t\t<div data-elementor-type=\"wp-page\" data-elementor-id=\"486\" class=\"elementor elementor-486\" data-elementor-post-type=\"page\">\n\t\t\t\t<div class=\"elementor-element elementor-element-b9edfd4 e-flex e-con-boxed e-con e-parent\" data-id=\"b9edfd4\" data-element_type=\"container\" data-e-type=\"container\">\n\t\t\t\t\t<div class=\"e-con-inner\">\n\t\t\t\t<div class=\"elementor-element elementor-element-eb84814 elementor-widget elementor-widget-text-editor\" data-id=\"eb84814\" data-element_type=\"widget\" data-e-type=\"widget\" data-widget_type=\"text-editor.default\">\n\t\t\t\t<div class=\"elementor-widget-container\">\n\t\t\t\t\t\t\t\t\t<div class=\"heading\"><h1 class=\"headline\">Impressum<\/h1><\/div><div class=\"content text_element\"><h2>F\u00fcr den Inhalt verantwortlich<\/h2><p><strong>Sappi Fine Paper Europe &#8211; Gratkorn Mill<\/strong><br \/>Sappi Austria Produktions-GmbH &amp; Co. KG<br \/>Brucker Stra\u00dfe 21, 8101 Gratkorn, AUSTRIA<br \/><a href=\"mailto:technical.services@sappi.com\">technical.services@sappi.com<\/a><br \/><a href=\"tel:+4331242012803\">+43 3124 201 2803<\/a><\/p><h2>Haftung<\/h2><p>Der Autor dieser Webseiten ist bestrebt, die hier angebotenen Informationen nach bestem Wissen und Gewissen vollst\u00e4ndig und richtig darzustellen und aktuell zu halten. Dennoch kann er keinerlei Haftung f\u00fcr Sch\u00e4den \u00fcbernehmen, die sich aus der Nutzung der angebotenen Informationen ergeben k\u00f6nnen \u2013 auch wenn diese auf die Nutzung von allenfalls unvollst\u00e4ndigen bzw. fehlerhaften Informationen zur\u00fcckzuf\u00fchren sind. Verweise auf fremde Webseiten liegen au\u00dferhalb des Verantwortungsbereiches des Autors. Eine Haftung f\u00fcr die Inhalte von verlinkten Seiten ist ausgeschlossen, zumal der Autor keinen Einfluss auf Inhalte wie Gestaltung von gelinkten Seiten hat. F\u00fcr Inhalte von Seiten, auf welche von Seiten dieser Homepage verwiesen wird, haftet somit allein der Anbieter dieser fremden Webseiten \u2013 niemals jedoch derjenige, der durch einen Link auf fremde Publikationen und Inhalte verweist. Sollten gelinkte Seiten (insbesondere durch Ver\u00e4nderung der Inhalte nach dem Setzen des Links) illegale, fehlerhafte, unvollst\u00e4ndige, beleidigende oder sittenwidrige Informationen beinhalten und wird der Autor dieser Seite auf derartige Inhalte von gelinkten Seiten aufmerksam (gemacht), so wird er einen Link auf derartige Seiten unverz\u00fcglich unterbinden.<\/p><h2>Urheberrecht<\/h2><p>Der Inhalt der vom Autor selbst erstellten Inhalte dieser Seiten ist urheberrechtlich gesch\u00fctzt. Jede den Bestimmungen des Urheberrechtsgesetzes widersprechende Verwendung jeglicher Inhalte dieser Webseiten \u2013 insbesondere die weitergehende Nutzung wie beispielsweise die Ver\u00f6ffentlichung, Vervielf\u00e4ltigung und jede Form von gewerblicher Nutzung sowie die Weitergabe an Dritte \u2013 auch in Teilen oder in \u00fcberarbeiteter Form \u2013 ohne ausdr\u00fcckliche Zustimmung des Autors ist untersagt. Davon ausgenommen sind ausdr\u00fccklich zum Download gekennzeichnete Dateien.<\/p><h2>Informationsgehalt<\/h2><p>Die Informationen dieser Webseiten k\u00f6nnen ohne vorherige Ank\u00fcndigung ge\u00e4ndert, entfernt oder erg\u00e4nzt werden. Der Autor kann daher keine Garantie f\u00fcr die Korrektheit, Vollst\u00e4ndigkeit oder Qualit\u00e4t und letzte Aktualit\u00e4t der bereitgestellten Informationen geben.<\/p><h2>Rechtswirksamkeit<\/h2><p>Durch Nutzung dieser Webseiten unterliegt der Nutzer den gegenst\u00e4ndlichen Ben\u00fctzungsbedingungen. Diese sind Teil des WWW-Angebotes. Sofern Teile oder einzelne Formulierungen der Ben\u00fctzungsbedingungen der geltenden Rechtslage nicht, nicht mehr oder nicht vollst\u00e4ndig entsprechen sollten, bleiben die \u00fcbrigen Teile der Ben\u00fctzungsbedingungen in ihrem Inhalt und ihrer G\u00fcltigkeit davon unber\u00fchrt.<\/p><h2>Fotocredits<\/h2><p>Auf dieser Website befindet sich Bildmaterial von Getty Images und Adobe Stock.<\/p><p>\u00a0<\/p><p><span style=\"color: #5b6f78;\"><strong>Website-Konzept, Design &amp; Umsetzung<\/strong><\/span><\/p><p><span style=\"color: #5b6f78;\"><a style=\"color: #5b6f78;\" href=\"https:\/\/b2impact.com\" rel=\"nofollow noopener\" target=\"_blank\">B2IMPACT \u2013 Die Agentur f\u00fcr Wirkung und Ergebnis<\/a><\/span><br \/><span style=\"color: #5b6f78;\">eine Unit von WEKA Industrie Medien GmbH<br \/><\/span><span style=\"color: #5b6f78;\">Dresdner Stra\u00dfe 43<br \/><\/span><span style=\"color: #5b6f78;\">1200 Wien<\/span><\/p><p><span style=\"color: #5b6f78;\">Telefon:\u00a0<a style=\"color: #5b6f78;\" href=\"tel:01\/40410-405\" rel=\"nofollow\">01\/40410-405<\/a><\/span><br \/><span style=\"color: #5b6f78;\">E-Mail:\u00a0<a style=\"color: #5b6f78;\" title=\"Werbeagentur Rittler &amp; Co Kontakt\" href=\"mailto:office@b2impact.com\">office@b2impact.com<\/a><\/span><br \/><span style=\"color: #5b6f78;\">Web:\u00a0<a style=\"color: #5b6f78;\" title=\"Ihre B2B Marketing Agentur f\u00fcr Wirkung und Ergebnis\" href=\"https:\/\/b2impact.com\/\" target=\"_blank\" rel=\"noopener nofollow\">https:\/\/b2impact.com\/<\/a><\/span><\/p><\/div>\t\t\t\t\t\t\t\t<\/div>\n\t\t\t\t<\/div>\n\t\t\t\t\t<\/div>\n\t\t\t\t<\/div>\n\t\t\t\t<\/div>\n\t\t","protected":false},"excerpt":{"rendered":"<p>Impressum F\u00fcr den Inhalt verantwortlich Sappi Fine Paper Europe &#8211; Gratkorn MillSappi Austria Produktions-GmbH &amp; Co. KGBrucker Stra\u00dfe 21, 8101 [&hellip;]<\/p>\n","protected":false},"author":1,"featured_media":0,"parent":0,"menu_order":0,"comment_status":"closed","ping_status":"closed","template":"","meta":{"site-sidebar-layout":"no-sidebar","site-content-layout":"","ast-site-content-layout":"full-width-container","site-content-style":"default","site-sidebar-style":"default","ast-global-header-display":"","ast-banner-title-visibility":"","ast-main-header-display":"","ast-hfb-above-header-display":"","ast-hfb-below-header-display":"","ast-hfb-mobile-header-display":"","site-post-title":"disabled","ast-breadcrumbs-content":"","ast-featured-img":"disabled","footer-sml-layout":"","ast-disable-related-posts":"","theme-transparent-header-meta":"","adv-header-id-meta":"","stick-header-meta":"","header-above-stick-meta":"","header-main-stick-meta":"","header-below-stick-meta":"","astra-migrate-meta-layouts":"default","ast-page-background-enabled":"default","ast-page-background-meta":{"desktop":{"background-color":"var(--ast-global-color-5)","background-image":"","background-repeat":"repeat","background-position":"center center","background-size":"auto","background-attachment":"scroll","background-type":"","background-media":"","overlay-type":"","overlay-color":"","overlay-opacity":"","overlay-gradient":""},"tablet":{"background-color":"","background-image":"","background-repeat":"repeat","background-position":"center center","background-size":"auto","background-attachment":"scroll","background-type":"","background-media":"","overlay-type":"","overlay-color":"","overlay-opacity":"","overlay-gradient":""},"mobile":{"background-color":"","background-image":"","background-repeat":"repeat","background-position":"center center","background-size":"auto","background-attachment":"scroll","background-type":"","background-media":"","overlay-type":"","overlay-color":"","overlay-opacity":"","overlay-gradient":""}},"ast-content-background-meta":{"desktop":{"background-color":"var(--ast-global-color-4)","background-image":"","background-repeat":"repeat","background-position":"center center","background-size":"auto","background-attachment":"scroll","background-type":"","background-media":"","overlay-type":"","overlay-color":"","overlay-opacity":"","overlay-gradient":""},"tablet":{"background-color":"var(--ast-global-color-4)","background-image":"","background-repeat":"repeat","background-position":"center center","background-size":"auto","background-attachment":"scroll","background-type":"","background-media":"","overlay-type":"","overlay-color":"","overlay-opacity":"","overlay-gradient":""},"mobile":{"background-color":"var(--ast-global-color-4)","background-image":"","background-repeat":"repeat","background-position":"center center","background-size":"auto","background-attachment":"scroll","background-type":"","background-media":"","overlay-type":"","overlay-color":"","overlay-opacity":"","overlay-gradient":""}},"footnotes":""},"class_list":["post-486","page","type-page","status-publish","hentry"],"_links":{"self":[{"href":"https:\/\/technical-service-gratkorn.at\/de\/wp-json\/wp\/v2\/pages\/486","targetHints":{"allow":["GET"]}}],"collection":[{"href":"https:\/\/technical-service-gratkorn.at\/de\/wp-json\/wp\/v2\/pages"}],"about":[{"href":"https:\/\/technical-service-gratkorn.at\/de\/wp-json\/wp\/v2\/types\/page"}],"author":[{"embeddable":true,"href":"https:\/\/technical-service-gratkorn.at\/de\/wp-json\/wp\/v2\/users\/1"}],"replies":[{"embeddable":true,"href":"https:\/\/technical-service-gratkorn.at\/de\/wp-json\/wp\/v2\/comments?post=486"}],"version-history":[{"count":0,"href":"https:\/\/technical-service-gratkorn.at\/de\/wp-json\/wp\/v2\/pages\/486\/revisions"}],"wp:attachment":[{"href":"https:\/\/technical-service-gratkorn.at\/de\/wp-json\/wp\/v2\/media?parent=486"}],"curies":[{"name":"wp","href":"https:\/\/api.w.org\/{rel}","templated":true}]}}