{"id":494,"date":"2025-05-08T15:02:21","date_gmt":"2025-05-08T13:02:21","guid":{"rendered":"https:\/\/technical-service-gratkorn.at\/?page_id=494"},"modified":"2025-08-22T12:30:51","modified_gmt":"2025-08-22T10:30:51","slug":"datenschutz","status":"publish","type":"page","link":"https:\/\/technical-service-gratkorn.at\/de\/datenschutz\/","title":{"rendered":"Datenschutz"},"content":{"rendered":"\t\t<div data-elementor-type=\"wp-page\" data-elementor-id=\"494\" class=\"elementor elementor-494\" data-elementor-post-type=\"page\">\n\t\t\t\t<div class=\"elementor-element elementor-element-e94decd e-flex e-con-boxed e-con e-parent\" data-id=\"e94decd\" data-element_type=\"container\" data-e-type=\"container\">\n\t\t\t\t\t<div class=\"e-con-inner\">\n\t\t\t\t<div class=\"elementor-element elementor-element-fea4f0d elementor-widget elementor-widget-text-editor\" data-id=\"fea4f0d\" data-element_type=\"widget\" data-e-type=\"widget\" data-widget_type=\"text-editor.default\">\n\t\t\t\t<div class=\"elementor-widget-container\">\n\t\t\t\t\t\t\t\t\t<h1><strong>Datenschutzerkl\u00e4rung<\/strong><\/h1><h2>\u00a0<\/h2><h3><strong>Einleitung und \u00dcberblick<\/strong><\/h3><p>Wir haben diese Datenschutzerkl\u00e4rung verfasst, um Ihnen eine erste allgemeine Information gem\u00e4\u00df der Vorgaben der <a href=\"https:\/\/eur-lex.europa.eu\/legal-content\/DE\/TXT\/HTML\/?uri=CELEX:32016R0679&amp;from=DE&amp;tid=113017412#d1e2269-1-1\" rel=\"nofollow noopener\" target=\"_blank\">Datenschutz-Grundverordnung (EU) 2016\/679<\/a> und anwendbaren nationalen Gesetzen zu geben. Welche personenbezogenen Daten (kurz Daten) wir als Verantwortliche verarbeiten und zuk\u00fcnftig verarbeiten werden, wird in unserer allgemeinen Datenschutzerkl\u00e4rung <a href=\"https:\/\/www.sappi.com\/en-gb\/legal-notices\/privacy-policy?ll=dede#2162445897-965992167\" rel=\"nofollow noopener\" target=\"_blank\">Privacy Policy | Sappi<\/a> n\u00e4her erl\u00e4utert. Die verwendeten Begriffe sind geschlechtsneutral zu verstehen.<\/p><p>Wenn trotzdem Fragen bleiben, m\u00f6chten wir Sie bitten, sich an die unten bzw. im Impressum genannte verantwortliche Stelle zu wenden.<\/p><h3><strong>Rechtsgrundlagen<\/strong><\/h3><p>In der folgenden Datenschutzerkl\u00e4rung geben wir Ihnen transparente Informationen zu den rechtlichen Grunds\u00e4tzen und Vorschriften, also den Rechtsgrundlagen der Datenschutz-Grundverordnung, die uns erm\u00f6glichen, personenbezogene Daten zu verarbeiten.<\/p><p>Wir verarbeiten Ihre Daten nur, wenn mindestens eine der folgenden Bedingungen zutrifft:<\/p><ol><li><strong>Einwilligung<\/strong> (Artikel 6 Absatz 1 lit. a DSGVO): Sie haben uns Ihre Einwilligung gegeben, Daten zu einem bestimmten Zweck zu verarbeiten. Ein Beispiel w\u00e4re die Speicherung Ihrer eingegebenen Daten eines Kontaktformulars.<\/li><li><strong>Vertrag<\/strong> (Artikel 6 Absatz 1 lit. b DSGVO): Um einen Vertrag oder vorvertragliche Verpflichtungen mit Ihnen zu erf\u00fcllen, verarbeiten wir Ihre Daten. Wenn wir zum Beispiel einen Kaufvertrag mit Ihnen abschlie\u00dfen, ben\u00f6tigen wir vorab personenbezogene Informationen.<\/li><li><strong>Rechtliche Verpflichtung<\/strong> (Artikel 6 Absatz 1 lit. c DSGVO): Wenn wir einer rechtlichen Verpflichtung unterliegen, verarbeiten wir Ihre Daten. Zum Beispiel sind wir gesetzlich verpflichtet Rechnungen f\u00fcr die Buchhaltung aufzuheben. Diese enthalten in der Regel personenbezogene Daten.<\/li><li><strong>Berechtigte Interessen<\/strong> (Artikel 6 Absatz 1 lit. f DSGVO): Im Falle berechtigter Interessen, die Ihre Grundrechte nicht einschr\u00e4nken, behalten wir uns die Verarbeitung personenbezogener Daten vor. Wir m\u00fcssen zum Beispiel gewisse Daten verarbeiten, um unsere Website sicher und wirtschaftlich effizient betreiben zu k\u00f6nnen. Diese Verarbeitung ist somit ein berechtigtes Interesse.<\/li><\/ol><p>Weitere Bedingungen wie die Wahrnehmung von Aufnahmen im \u00f6ffentlichen Interesse und Aus\u00fcbung \u00f6ffentlicher Gewalt sowie dem Schutz lebenswichtiger Interessen treten bei uns in der Regel nicht auf. Soweit eine solche Rechtsgrundlage doch einschl\u00e4gig sein sollte, wird diese an der entsprechenden Stelle ausgewiesen.<\/p><h3><strong>Kontaktdaten des Verantwortlichen<\/strong><\/h3><p>Sollten Sie Fragen zum Datenschutz oder zur Verarbeitung personenbezogener Daten haben, finden Sie nachfolgend die Kontaktdaten des Verantwortlichen gem\u00e4\u00df Artikel 4 Absatz 7 EU-Datenschutz-Grundverordnung (DSGVO):<br \/>Sappi Austria Produktions-GmbH &amp; Co. KG<br \/>Brucker Stra\u00dfe 21, 8101 Gratkorn, AUSTRIA<br \/>technical.services@sappi.com<br \/>+43 3124 201 2803<\/p><p>E-Mail: <a href=\"mailto:technical.services@sappi.com\">technical.services@sappi.com<\/a> <br \/>Telefon: <a href=\"tel:+43%203124%20201%202803\">+43 3124 201 2803<\/a> <br \/>Impressum: <a href=\"https:\/\/technical-service-gratkorn.at\/impressum\">https:\/\/technical-service-gratkorn.at\/impressum<\/a><\/p><h3><strong>Speicherdauer<\/strong><\/h3><p>Dass wir personenbezogene Daten nur so lange speichern, wie es f\u00fcr die Bereitstellung unserer Dienstleistungen und Produkte unbedingt notwendig ist, gilt als generelles Kriterium bei uns. Das bedeutet, dass wir personenbezogene Daten l\u00f6schen, sobald der Grund f\u00fcr die Datenverarbeitung nicht mehr vorhanden ist. In einigen F\u00e4llen sind wir gesetzlich dazu verpflichtet, bestimmte Daten auch nach Wegfall des urspr\u00fcngliches Zwecks zu speichern, zum Beispiel zu Zwecken der Buchf\u00fchrung.<\/p><p>Sollten Sie die L\u00f6schung Ihrer Daten w\u00fcnschen oder die Einwilligung zur Datenverarbeitung widerrufen, werden die Daten so rasch wie m\u00f6glich und soweit keine Pflicht zur Speicherung besteht, gel\u00f6scht.<\/p><h3><strong>Rechte laut Datenschutz-Grundverordnung<\/strong><\/h3><p>Gem\u00e4\u00df Artikel 13, 14 DSGVO informieren wir Sie \u00fcber die folgenden Rechte, die Ihnen zustehen, damit es zu einer fairen und transparenten Verarbeitung von Daten kommt:<\/p><ul><li>Sie haben laut Artikel 15 DSGVO ein Auskunftsrecht dar\u00fcber, ob wir Daten von Ihnen verarbeiten. Sollte das zutreffen, haben Sie Recht darauf eine Kopie der Daten zu erhalten.<\/li><li>Sie haben laut Artikel 16 DSGVO ein Recht auf Berichtigung der Daten, was bedeutet, dass wir Daten richtig stellen m\u00fcssen, falls Sie Fehler finden.<\/li><li>Sie haben laut Artikel 17 DSGVO das Recht auf L\u00f6schung (\u201eRecht auf Vergessenwerden\u201c), was konkret bedeutet, dass Sie die L\u00f6schung Ihrer Daten verlangen d\u00fcrfen.<\/li><li>Sie haben laut Artikel 18 DSGVO das Recht auf Einschr\u00e4nkung der Verarbeitung, was bedeutet, dass wir die Daten nur mehr speichern d\u00fcrfen aber nicht weiter verwenden.<\/li><li>Sie haben laut Artikel 20 DSGVO das Recht auf Daten\u00fcbertragbarkeit, was bedeutet, dass wir Ihnen auf Anfrage Ihre Daten in einem g\u00e4ngigen Format zur Verf\u00fcgung stellen.<\/li><li>Sie haben laut Artikel 21 DSGVO ein Widerspruchsrecht, welches nach Durchsetzung eine \u00c4nderung der Verarbeitung mit sich bringt.<\/li><li>Sie haben laut Artikel 22 DSGVO unter Umst\u00e4nden das Recht, nicht einer ausschlie\u00dflich auf einer automatisierten Verarbeitung (zum Beispiel Profiling) beruhenden Entscheidung unterworfen zu werden.<\/li><li>Sie haben laut Artikel 77 DSGVO das Recht auf Beschwerde. Das hei\u00dft, Sie k\u00f6nnen sich jederzeit bei der Datenschutzbeh\u00f6rde beschweren, wenn Sie der Meinung sind, dass die Datenverarbeitung von personenbezogenen Daten gegen die DSGVO verst\u00f6\u00dft.<\/li><\/ul><h2><strong>\u00d6sterreich Datenschutzbeh\u00f6rde<\/strong><\/h2><p><strong>Adresse: <\/strong>Barichgasse 40-42, 1030 Wien<strong> <br \/>Telefonnr.: <\/strong>+43 1 52\u00a0152-0<strong> <br \/>E-Mail-Adresse: <\/strong><a href=\"mailto:dsb@dsb.gv.at\">dsb@dsb.gv.at<\/a> <strong><br \/>Website: <\/strong><a href=\"https:\/\/www.dsb.gv.at\/\" rel=\"nofollow noopener\" target=\"_blank\">https:\/\/www.dsb.gv.at\/<\/a><\/p><h3><strong>Daten\u00fcbertragung in Drittl\u00e4nder<\/strong><\/h3><p>Wir \u00fcbertragen oder verarbeiten Daten nur dann in L\u00e4nder au\u00dferhalb des Geltungsbereichs der DSGVO (Drittl\u00e4nder), wenn Sie in diese Verarbeitung einwilligen oder eine sonstige gesetzliche Erlaubnis besteht. Dies trifft insbesondere zu, wenn die Verarbeitung gesetzlich vorgeschrieben oder zur Erf\u00fcllung eines Vertragsverh\u00e4ltnisses notwendig und in jedem Fall nur soweit dies generell erlaubt ist. Ihre Zustimmung ist in den meisten F\u00e4llen der wichtigste Grund, dass wir Daten in Drittl\u00e4ndern verarbeiten lassen. Die Verarbeitung personenbezogener Daten in Drittl\u00e4ndern wie den USA, wo viele Softwarehersteller Dienstleistungen anbieten und Ihre Serverstandorte haben, kann bedeuten, dass personenbezogene Daten auf unerwartete Weise verarbeitet und gespeichert werden.<\/p><p>Nach M\u00f6glichkeit versuchen wir Serverstandorte innerhalb der EU zu nutzen, sofern das angeboten wird.<\/p><h3><strong>Sicherheit der Datenverarbeitung<\/strong><\/h3><p>Um personenbezogene Daten zu sch\u00fctzen, haben wir sowohl technische als auch organisatorische Ma\u00dfnahmen umgesetzt. Wo es uns m\u00f6glich ist, verschl\u00fcsseln oder pseudonymisieren wir personenbezogene Daten. Dadurch machen wir es im Rahmen unserer M\u00f6glichkeiten so schwer wie m\u00f6glich, dass Dritte aus unseren Daten auf pers\u00f6nliche Informationen schlie\u00dfen k\u00f6nnen.<\/p><p>Zur Verwaltung der eingesetzten Cookies und \u00e4hnlichen Technologien (Tracking-Pixel, Web-Beacons etc.) und diesbez\u00fcglicher Einwilligungen setzen wir das Consent Tool \u201eReal Cookie Banner\u201c ein. Details zur Funktionsweise von \u201eReal Cookie Banner\u201c findest du unter\u00a0<a href=\"https:\/\/devowl.io\/de\/rcb\/datenverarbeitung\/\" rel=\"nofollow noopener\" target=\"_blank\">https:\/\/devowl.io\/de\/rcb\/datenverarbeitung\/<\/a>. <br \/>Rechtsgrundlagen f\u00fcr die Verarbeitung von personenbezogenen Daten in diesem Zusammenhang sind Art. 6 Abs. 1 lit. c DS-GVO und Art. 6 Abs. 1 lit. f DS-GVO. Unser berechtigtes Interesse ist die Verwaltung der eingesetzten Cookies und \u00e4hnlichen Technologien und der diesbez\u00fcglichen Einwilligungen.<\/p><p>Die Bereitstellung der personenbezogenen Daten ist noch vertraglich vorgeschrieben und auch nicht f\u00fcr einen Vertragsabschluss erforderlich. Sie sind nicht verpflichtet die personenbezogenen Daten bereitzustellen. Wenn Sie die personenbezogenen Daten nicht bereitstellen, k\u00f6nnen wir Ihre Einwilligungen nicht verwalten.<\/p><h3><strong>Schlusswort<\/strong><\/h3><p>Wie schon eingangs erw\u00e4hnt, welche personenbezogenen Daten (kurz Daten) wir als Verantwortliche verarbeiten und zuk\u00fcnftig verarbeiten werden, wird in unserer allgemeinen Datenschutzerkl\u00e4rung <a href=\"https:\/\/www.sappi.com\/en-gb\/legal-notices\/privacy-policy?ll=dede#2162445897-965992167\" rel=\"nofollow noopener\" target=\"_blank\">Privacy Policy | Sappi<\/a> n\u00e4her erl\u00e4utert.<\/p><p>Wir behalten uns vor diese Datenschutzerkl\u00e4rung, wie auch unsere allgemeine Datenschutzerkl\u00e4rung, von Zeit zu Zeit abzu\u00e4ndern.<\/p><p>\u00a0<\/p><p><span lang=\"DE-AT\">Quelle: <\/span><span lang=\"DE-AT\"><a title=\"https:\/\/linklock.titanhq.com\/analyse?url=https%3A%2F%2Fwww.adsimple.at%2Fdatenschutz-generator%2F&amp;data=eJxFjDsOwjAQBU8Td1gJiSKlcIH4SZQ01Iu9SRZsx7I3ROL0bIc01ejNs6ZvYOyGuu3tc2yUMwVSIm2XoIIZztfj-zbh4_PqVTFPyALo5Be0s6-6mqJbC2fCgI4wamCVzQkioQd9B4qYZfW_XM3MnErVHqr9Rdi2TYMrFJJHicU4YIzFzit_dxNKD7xk8T8EpDqW\" href=\"https:\/\/linklock.titanhq.com\/analyse?url=https%3A%2F%2Fwww.adsimple.at%2Fdatenschutz-generator%2F&amp;data=eJxFjDsOwjAQBU8Td1gJiSKlcIH4SZQ01Iu9SRZsx7I3ROL0bIc01ejNs6ZvYOyGuu3tc2yUMwVSIm2XoIIZztfj-zbh4_PqVTFPyALo5Be0s6-6mqJbC2fCgI4wamCVzQkioQd9B4qYZfW_XM3MnErVHqr9Rdi2TYMrFJJHicU4YIzFzit_dxNKD7xk8T8EpDqW\" rel=\"nofollow noopener\" target=\"_blank\">Datenschutzerkl\u00e4rung<\/a><\/span><span lang=\"DE-AT\"> erstellt mit dem Datenschutz Generator f\u00fcr \u00d6sterreich von <span class=\"outlook-search-highlight\" data-markjs=\"true\">AdSimple<\/span><\/span><\/p>\t\t\t\t\t\t\t\t<\/div>\n\t\t\t\t<\/div>\n\t\t\t\t\t<\/div>\n\t\t\t\t<\/div>\n\t\t\t\t<\/div>\n\t\t","protected":false},"excerpt":{"rendered":"<p>Datenschutzerkl\u00e4rung \u00a0 Einleitung und \u00dcberblick Wir haben diese Datenschutzerkl\u00e4rung verfasst, um Ihnen eine erste allgemeine Information gem\u00e4\u00df der Vorgaben der [&hellip;]<\/p>\n","protected":false},"author":1,"featured_media":0,"parent":0,"menu_order":0,"comment_status":"closed","ping_status":"closed","template":"","meta":{"site-sidebar-layout":"no-sidebar","site-content-layout":"","ast-site-content-layout":"full-width-container","site-content-style":"default","site-sidebar-style":"default","ast-global-header-display":"","ast-banner-title-visibility":"","ast-main-header-display":"","ast-hfb-above-header-display":"","ast-hfb-below-header-display":"","ast-hfb-mobile-header-display":"","site-post-title":"disabled","ast-breadcrumbs-content":"","ast-featured-img":"disabled","footer-sml-layout":"","ast-disable-related-posts":"","theme-transparent-header-meta":"","adv-header-id-meta":"","stick-header-meta":"","header-above-stick-meta":"","header-main-stick-meta":"","header-below-stick-meta":"","astra-migrate-meta-layouts":"default","ast-page-background-enabled":"default","ast-page-background-meta":{"desktop":{"background-color":"var(--ast-global-color-5)","background-image":"","background-repeat":"repeat","background-position":"center center","background-size":"auto","background-attachment":"scroll","background-type":"","background-media":"","overlay-type":"","overlay-color":"","overlay-opacity":"","overlay-gradient":""},"tablet":{"background-color":"","background-image":"","background-repeat":"repeat","background-position":"center center","background-size":"auto","background-attachment":"scroll","background-type":"","background-media":"","overlay-type":"","overlay-color":"","overlay-opacity":"","overlay-gradient":""},"mobile":{"background-color":"","background-image":"","background-repeat":"repeat","background-position":"center center","background-size":"auto","background-attachment":"scroll","background-type":"","background-media":"","overlay-type":"","overlay-color":"","overlay-opacity":"","overlay-gradient":""}},"ast-content-background-meta":{"desktop":{"background-color":"var(--ast-global-color-4)","background-image":"","background-repeat":"repeat","background-position":"center center","background-size":"auto","background-attachment":"scroll","background-type":"","background-media":"","overlay-type":"","overlay-color":"","overlay-opacity":"","overlay-gradient":""},"tablet":{"background-color":"var(--ast-global-color-4)","background-image":"","background-repeat":"repeat","background-position":"center center","background-size":"auto","background-attachment":"scroll","background-type":"","background-media":"","overlay-type":"","overlay-color":"","overlay-opacity":"","overlay-gradient":""},"mobile":{"background-color":"var(--ast-global-color-4)","background-image":"","background-repeat":"repeat","background-position":"center center","background-size":"auto","background-attachment":"scroll","background-type":"","background-media":"","overlay-type":"","overlay-color":"","overlay-opacity":"","overlay-gradient":""}},"footnotes":""},"class_list":["post-494","page","type-page","status-publish","hentry"],"_links":{"self":[{"href":"https:\/\/technical-service-gratkorn.at\/de\/wp-json\/wp\/v2\/pages\/494","targetHints":{"allow":["GET"]}}],"collection":[{"href":"https:\/\/technical-service-gratkorn.at\/de\/wp-json\/wp\/v2\/pages"}],"about":[{"href":"https:\/\/technical-service-gratkorn.at\/de\/wp-json\/wp\/v2\/types\/page"}],"author":[{"embeddable":true,"href":"https:\/\/technical-service-gratkorn.at\/de\/wp-json\/wp\/v2\/users\/1"}],"replies":[{"embeddable":true,"href":"https:\/\/technical-service-gratkorn.at\/de\/wp-json\/wp\/v2\/comments?post=494"}],"version-history":[{"count":3,"href":"https:\/\/technical-service-gratkorn.at\/de\/wp-json\/wp\/v2\/pages\/494\/revisions"}],"predecessor-version":[{"id":2507,"href":"https:\/\/technical-service-gratkorn.at\/de\/wp-json\/wp\/v2\/pages\/494\/revisions\/2507"}],"wp:attachment":[{"href":"https:\/\/technical-service-gratkorn.at\/de\/wp-json\/wp\/v2\/media?parent=494"}],"curies":[{"name":"wp","href":"https:\/\/api.w.org\/{rel}","templated":true}]}}